{"id":29,"date":"2021-03-04T14:06:55","date_gmt":"2021-03-04T14:06:55","guid":{"rendered":"http:\/\/powerideascatalogue.com\/?page_id=29"},"modified":"2021-03-05T15:38:18","modified_gmt":"2021-03-05T15:38:18","slug":"accueil","status":"publish","type":"page","link":"https:\/\/powerideascatalogue.com\/fr\/","title":{"rendered":"Accueil"},"content":{"rendered":"\n<p> POWERIDEAS vous propose une gamme de produits s\u00e9lectionn\u00e9s. D\u00e9couvrir!<\/p>\n","protected":false},"excerpt":{"rendered":"<p>POWERIDEAS vous propose une gamme de produits s\u00e9lectionn\u00e9s. D\u00e9couvrir!<\/p>\n","protected":false},"author":1,"featured_media":0,"parent":0,"menu_order":0,"comment_status":"closed","ping_status":"closed","template":"","meta":[],"_links":{"self":[{"href":"https:\/\/powerideascatalogue.com\/fr\/wp-json\/wp\/v2\/pages\/29"}],"collection":[{"href":"https:\/\/powerideascatalogue.com\/fr\/wp-json\/wp\/v2\/pages"}],"about":[{"href":"https:\/\/powerideascatalogue.com\/fr\/wp-json\/wp\/v2\/types\/page"}],"author":[{"embeddable":true,"href":"https:\/\/powerideascatalogue.com\/fr\/wp-json\/wp\/v2\/users\/1"}],"replies":[{"embeddable":true,"href":"https:\/\/powerideascatalogue.com\/fr\/wp-json\/wp\/v2\/comments?post=29"}],"version-history":[{"count":4,"href":"https:\/\/powerideascatalogue.com\/fr\/wp-json\/wp\/v2\/pages\/29\/revisions"}],"predecessor-version":[{"id":75,"href":"https:\/\/powerideascatalogue.com\/fr\/wp-json\/wp\/v2\/pages\/29\/revisions\/75"}],"wp:attachment":[{"href":"https:\/\/powerideascatalogue.com\/fr\/wp-json\/wp\/v2\/media?parent=29"}],"curies":[{"name":"wp","href":"https:\/\/api.w.org\/{rel}","templated":true}]}}